{"id":28,"date":"2023-07-31T14:55:26","date_gmt":"2023-07-31T14:55:26","guid":{"rendered":"https:\/\/wds-service.eu\/?page_id=28"},"modified":"2025-07-09T15:44:50","modified_gmt":"2025-07-09T15:44:50","slug":"anspruch-berechnen","status":"publish","type":"page","link":"https:\/\/wds-service.eu\/?page_id=28","title":{"rendered":"Anspruch berechnen"},"content":{"rendered":"\n\n\t\t\t\t<img decoding=\"async\" class=\"lazyload\" src=\"data:image\/gif;base64,R0lGODlhAQABAIAAAAAAAP\/\/\/yH5BAEAAAAALAAAAAABAAEAAAIBRAA7\" data-src=\"https:\/\/wds-service.eu\/wp-content\/uploads\/2023\/08\/px.png\" alt=\"px\" itemprop=\"image\" height=\"2\" width=\"2\" title=\"px\" onerror=\"this.style.display='none'\"  \/><noscript><img decoding=\"async\" class=\"lazyload\" src=\"https:\/\/wds-service.eu\/wp-content\/uploads\/2023\/08\/px.png\" alt=\"px\" itemprop=\"image\" height=\"2\" width=\"2\" title=\"px\" onerror=\"this.style.display='none'\"  \/><\/noscript>\n<h1>\n\t\tIhren Anspruch <br \/>in nur 2 Minuten hochladen!\n\t<\/h1>\n\t<p>Laden Sie hier Ihre Dokumente und Informationen zu Ihrem Wasserschaden hoch. Selbstverst\u00e4ndlich k\u00f6nnen Sie auch nachtr\u00e4glich alles an uns schicken!<\/p>\n<h3>Wir ermitteln f\u00fcr Sie die tats\u00e4chliche Schadenh\u00f6he unter Ber\u00fccksichtigung Ihres Versicherungsvertrages f\u00fcr die weiteren Verhandlungen mit der Versicherungsgesellschaft.<\/h3>\n\t\t\t\t<img decoding=\"async\" class=\"lazyload\" src=\"data:image\/gif;base64,R0lGODlhAQABAIAAAAAAAP\/\/\/yH5BAEAAAAALAAAAAABAAEAAAIBRAA7\" data-src=\"https:\/\/wds-service.eu\/wp-content\/uploads\/2024\/07\/wasserschaden-versicherungsrecht-bg-bilder8b.jpg\" alt=\"WDS hilft professionell und zuverl\u00e4ssig bei der Regulierung von Wassersch\u00e4den gegen\u00fcber Versicherungen. Insbesondere sichern wir bislang nicht zur Kenntnis gebrachte\/erlangte monet\u00e4re und rechtlichen Anspr\u00fcche der Geb\u00e4udeeigent\u00fcmer\/Versicherungsnehmer - einfach: erheblich mehr Geld durch WDS. Berechnung des Wasserschadens und der Ausgleichsleistung durch die Versicherung.\" itemprop=\"image\" height=\"1200\" width=\"1800\" title=\"wasserschaden-versicherungsrecht-bg-bilder8b\" onerror=\"this.style.display='none'\"  \/><noscript><img decoding=\"async\" class=\"lazyload\" src=\"https:\/\/wds-service.eu\/wp-content\/uploads\/2024\/07\/wasserschaden-versicherungsrecht-bg-bilder8b.jpg\" alt=\"WDS hilft professionell und zuverl\u00e4ssig bei der Regulierung von Wassersch\u00e4den gegen\u00fcber Versicherungen. Insbesondere sichern wir bislang nicht zur Kenntnis gebrachte\/erlangte monet\u00e4re und rechtlichen Anspr\u00fcche der Geb\u00e4udeeigent\u00fcmer\/Versicherungsnehmer - einfach: erheblich mehr Geld durch WDS. Berechnung des Wasserschadens und der Ausgleichsleistung durch die Versicherung.\" itemprop=\"image\" height=\"1200\" width=\"1800\" title=\"wasserschaden-versicherungsrecht-bg-bilder8b\" onerror=\"this.style.display='none'\"  \/><\/noscript>\n\t\t\t\t<img decoding=\"async\" class=\"lazyload\" src=\"data:image\/gif;base64,R0lGODlhAQABAIAAAAAAAP\/\/\/yH5BAEAAAAALAAAAAABAAEAAAIBRAA7\" data-src=\"https:\/\/wds-service.eu\/wp-content\/uploads\/2023\/08\/px.png\" alt=\"px\" itemprop=\"image\" height=\"2\" width=\"2\" title=\"px\" onerror=\"this.style.display='none'\"  \/><noscript><img decoding=\"async\" class=\"lazyload\" src=\"https:\/\/wds-service.eu\/wp-content\/uploads\/2023\/08\/px.png\" alt=\"px\" itemprop=\"image\" height=\"2\" width=\"2\" title=\"px\" onerror=\"this.style.display='none'\"  \/><\/noscript>\n\n","protected":false},"excerpt":{"rendered":"<p>Ihren Anspruch in nur 2 Minuten hochladen! Laden Sie hier Ihre Dokumente und Informationen zu Ihrem Wasserschaden hoch. Selbstverst\u00e4ndlich k\u00f6nnen Sie auch nachtr\u00e4glich alles an uns schicken! Wir ermitteln f\u00fcr Sie die tats\u00e4chliche Schadenh\u00f6he unter Ber\u00fccksichtigung Ihres Versicherungsvertrages f\u00fcr die weiteren Verhandlungen mit der Versicherungsgesellschaft.<\/p>\n","protected":false},"author":1,"featured_media":0,"parent":0,"menu_order":0,"comment_status":"closed","ping_status":"closed","template":"","meta":{"footnotes":""},"class_list":["post-28","page","type-page","status-publish","hentry"],"_links":{"self":[{"href":"https:\/\/wds-service.eu\/index.php?rest_route=\/wp\/v2\/pages\/28","targetHints":{"allow":["GET"]}}],"collection":[{"href":"https:\/\/wds-service.eu\/index.php?rest_route=\/wp\/v2\/pages"}],"about":[{"href":"https:\/\/wds-service.eu\/index.php?rest_route=\/wp\/v2\/types\/page"}],"author":[{"embeddable":true,"href":"https:\/\/wds-service.eu\/index.php?rest_route=\/wp\/v2\/users\/1"}],"replies":[{"embeddable":true,"href":"https:\/\/wds-service.eu\/index.php?rest_route=%2Fwp%2Fv2%2Fcomments&post=28"}],"version-history":[{"count":12,"href":"https:\/\/wds-service.eu\/index.php?rest_route=\/wp\/v2\/pages\/28\/revisions"}],"predecessor-version":[{"id":2169,"href":"https:\/\/wds-service.eu\/index.php?rest_route=\/wp\/v2\/pages\/28\/revisions\/2169"}],"wp:attachment":[{"href":"https:\/\/wds-service.eu\/index.php?rest_route=%2Fwp%2Fv2%2Fmedia&parent=28"}],"curies":[{"name":"wp","href":"https:\/\/api.w.org\/{rel}","templated":true}]}}