{"id":38,"date":"2023-07-31T14:58:04","date_gmt":"2023-07-31T14:58:04","guid":{"rendered":"https:\/\/wds-service.eu\/?page_id=38"},"modified":"2025-12-30T14:57:34","modified_gmt":"2025-12-30T14:57:34","slug":"kontakt","status":"publish","type":"page","link":"https:\/\/wds-service.eu\/?page_id=38","title":{"rendered":"Kontakt"},"content":{"rendered":"\n<h1>\n\t\t\tKontakt:\t<\/h1>\n\t\t\t<a href=\"tel:+4981057305056\" target=\"_self\">\n\t\t\t\t\t\t<b>Rufen Sie uns an!\n\t\t\t\t\t<\/b><\/a>\n\t\t\t<a href=\"https:\/\/wds-service.eu\/rueckruf\/\" target=\"_self\">\n\t\t\t\t\t\t<b>Ich m\u00f6chte zur\u00fcckgerufen werden!\n\t\t\t\t\t<\/b><\/a>\n<h2>\n\t\t\tSie m\u00f6chten uns eine Nachricht schicken?\t<\/h2>\n\t<p>Wir melden uns umgehend bei Ihnen!<\/p>\n\t\t\t\t<img decoding=\"async\" class=\"lazyload\" src=\"data:image\/gif;base64,R0lGODlhAQABAIAAAAAAAP\/\/\/yH5BAEAAAAALAAAAAABAAEAAAIBRAA7\" data-src=\"https:\/\/wds-service.eu\/wp-content\/uploads\/2024\/07\/wasserschaden-versicherungsrecht-bg-bilder7b.jpg\" alt=\"WDS hilft professionell und zuverl\u00e4ssig bei der Regulierung von Wassersch\u00e4den gegen\u00fcber Versicherungen. Insbesondere sichern wir bislang nicht zur Kenntnis gebrachte\/erlangte monet\u00e4re und rechtlichen Anspr\u00fcche der Geb\u00e4udeeigent\u00fcmer\/Versicherungsnehmer - einfach: erheblich mehr Geld durch WDS.\" itemprop=\"image\" height=\"1200\" width=\"1800\" title=\"wasserschaden-versicherungsrecht-bg-bilder7b\" onerror=\"this.style.display='none'\" loading=\"lazy\" \/><noscript><img decoding=\"async\" class=\"lazyload\" src=\"https:\/\/wds-service.eu\/wp-content\/uploads\/2024\/07\/wasserschaden-versicherungsrecht-bg-bilder7b.jpg\" alt=\"WDS hilft professionell und zuverl\u00e4ssig bei der Regulierung von Wassersch\u00e4den gegen\u00fcber Versicherungen. Insbesondere sichern wir bislang nicht zur Kenntnis gebrachte\/erlangte monet\u00e4re und rechtlichen Anspr\u00fcche der Geb\u00e4udeeigent\u00fcmer\/Versicherungsnehmer - einfach: erheblich mehr Geld durch WDS.\" itemprop=\"image\" height=\"1200\" width=\"1800\" title=\"wasserschaden-versicherungsrecht-bg-bilder7b\" onerror=\"this.style.display='none'\" loading=\"lazy\" \/><\/noscript>\n\n","protected":false},"excerpt":{"rendered":"<p>Kontakt: Rufen Sie uns an! Ich m\u00f6chte zur\u00fcckgerufen werden! Sie m\u00f6chten uns eine Nachricht schicken? Wir melden uns umgehend bei Ihnen!<\/p>\n","protected":false},"author":1,"featured_media":0,"parent":0,"menu_order":0,"comment_status":"closed","ping_status":"closed","template":"","meta":{"footnotes":""},"class_list":["post-38","page","type-page","status-publish","hentry"],"_links":{"self":[{"href":"https:\/\/wds-service.eu\/index.php?rest_route=\/wp\/v2\/pages\/38","targetHints":{"allow":["GET"]}}],"collection":[{"href":"https:\/\/wds-service.eu\/index.php?rest_route=\/wp\/v2\/pages"}],"about":[{"href":"https:\/\/wds-service.eu\/index.php?rest_route=\/wp\/v2\/types\/page"}],"author":[{"embeddable":true,"href":"https:\/\/wds-service.eu\/index.php?rest_route=\/wp\/v2\/users\/1"}],"replies":[{"embeddable":true,"href":"https:\/\/wds-service.eu\/index.php?rest_route=%2Fwp%2Fv2%2Fcomments&post=38"}],"version-history":[{"count":13,"href":"https:\/\/wds-service.eu\/index.php?rest_route=\/wp\/v2\/pages\/38\/revisions"}],"predecessor-version":[{"id":2270,"href":"https:\/\/wds-service.eu\/index.php?rest_route=\/wp\/v2\/pages\/38\/revisions\/2270"}],"wp:attachment":[{"href":"https:\/\/wds-service.eu\/index.php?rest_route=%2Fwp%2Fv2%2Fmedia&parent=38"}],"curies":[{"name":"wp","href":"https:\/\/api.w.org\/{rel}","templated":true}]}}